{"id":2745,"date":"2021-06-21T09:33:31","date_gmt":"2021-06-21T07:33:31","guid":{"rendered":"https:\/\/www.wx3.se\/phone-solutions-for-businesses\/add-on-services\/"},"modified":"2024-07-03T12:16:29","modified_gmt":"2024-07-03T10:16:29","slug":"add-on-services","status":"publish","type":"page","link":"https:\/\/www.wx3.se\/en\/phone-solutions-for-businesses\/add-on-services\/","title":{"rendered":"ADD-ON SERVICES"},"content":{"rendered":"\n<section class=\"block hero image_sidebar\" style=\"background-image: url(https:\/\/www.wx3.se\/wp-content\/uploads\/2020\/05\/phone-computer.jpg)\">\n\n\t\n\t\t\t<div class=\"container-fluid\">\n\t\t\t\t\n\t\t\t\t\t\t\t\t\n\t\t\t\t<div class=\"row\">\n\t\t\t\t\t<div class=\"col-xl-7 text-col\">\n\t\t\t\t\t\t<div class=\"text-col-inner editor-content\">\n\t\t\t\t\t\t\t<header class=\"block-header\"><h1 class=\"h1 hero-header\">ADD-ON SERVICES<\/h1><\/header>\t\t\t\t\t\t\t\t\t\t\t\t\t\t\t<p class=\"preamble block-preamble\">\n\t\t\t\t\t\t\t\t\tWe offer a wide assortment of add-on services that improve your customer service and efficiency. \t\t\t\t\t\t\t\t<\/p>\n\t\t\t\t\t\t\t\t\t\t\t\t\t<\/div>\n\t\t\t\t\t<\/div>\n\t\t\t\t\t<div class=\"col-xl-5 form-col\">\n\t\t\t\t\t\t\t<div class=\"form-col-inner no-icon\">\n\t\t\t\t\t\t\t\t\t\t\t\t\t\t<script type=\"text\/javascript\">\n\/* <![CDATA[ *\/\nvar gform;gform||(document.addEventListener(\"gform_main_scripts_loaded\",function(){gform.scriptsLoaded=!0}),document.addEventListener(\"gform\/theme\/scripts_loaded\",function(){gform.themeScriptsLoaded=!0}),window.addEventListener(\"DOMContentLoaded\",function(){gform.domLoaded=!0}),gform={domLoaded:!1,scriptsLoaded:!1,themeScriptsLoaded:!1,isFormEditor:()=>\"function\"==typeof InitializeEditor,callIfLoaded:function(o){return!(!gform.domLoaded||!gform.scriptsLoaded||!gform.themeScriptsLoaded&&!gform.isFormEditor()||(gform.isFormEditor()&&console.warn(\"The use of gform.initializeOnLoaded() is deprecated in the form editor context and will be removed in Gravity Forms 3.1.\"),o(),0))},initializeOnLoaded:function(o){gform.callIfLoaded(o)||(document.addEventListener(\"gform_main_scripts_loaded\",()=>{gform.scriptsLoaded=!0,gform.callIfLoaded(o)}),document.addEventListener(\"gform\/theme\/scripts_loaded\",()=>{gform.themeScriptsLoaded=!0,gform.callIfLoaded(o)}),window.addEventListener(\"DOMContentLoaded\",()=>{gform.domLoaded=!0,gform.callIfLoaded(o)}))},hooks:{action:{},filter:{}},addAction:function(o,r,e,t){gform.addHook(\"action\",o,r,e,t)},addFilter:function(o,r,e,t){gform.addHook(\"filter\",o,r,e,t)},doAction:function(o){gform.doHook(\"action\",o,arguments)},applyFilters:function(o){return gform.doHook(\"filter\",o,arguments)},removeAction:function(o,r){gform.removeHook(\"action\",o,r)},removeFilter:function(o,r,e){gform.removeHook(\"filter\",o,r,e)},addHook:function(o,r,e,t,n){null==gform.hooks[o][r]&&(gform.hooks[o][r]=[]);var d=gform.hooks[o][r];null==n&&(n=r+\"_\"+d.length),gform.hooks[o][r].push({tag:n,callable:e,priority:t=null==t?10:t})},doHook:function(r,o,e){var t;if(e=Array.prototype.slice.call(e,1),null!=gform.hooks[r][o]&&((o=gform.hooks[r][o]).sort(function(o,r){return o.priority-r.priority}),o.forEach(function(o){\"function\"!=typeof(t=o.callable)&&(t=window[t]),\"action\"==r?t.apply(null,e):e[0]=t.apply(null,e)})),\"filter\"==r)return e[0]},removeHook:function(o,r,t,n){var e;null!=gform.hooks[o][r]&&(e=(e=gform.hooks[o][r]).filter(function(o,r,e){return!!(null!=n&&n!=o.tag||null!=t&&t!=o.priority)}),gform.hooks[o][r]=e)}});\n\/* ]]> *\/\n<\/script>\n\n                <div class='gf_browser_gecko gform_wrapper gform_legacy_markup_wrapper gform-theme--no-framework' data-form-theme='legacy' data-form-index='0' id='gform_wrapper_3' >\n                        <div class='gform_heading'>\n                            <h3 class=\"gform_title\">Do you have questions regarding our phone solutions?<\/h3>\n                        <\/div><form method='post' enctype='multipart\/form-data' target='gform_ajax_frame_3' id='gform_3'  action='\/en\/wp-json\/wp\/v2\/pages\/2745' data-formid='3' novalidate>\n                        <div class='gform-body gform_body'><ul id='gform_fields_3' class='gform_fields top_label form_sublabel_below description_below validation_below'><li id=\"field_3_4\" class=\"gfield gfield--type-honeypot gform_validation_container field_sublabel_below gfield--has-description field_description_below field_validation_below gfield_visibility_visible gform_honeypot\"  data-field-class=\"gform_honeypot\" ><label class='gfield_label gform-field-label' for='input_3_4'>Instagram<\/label><div class='ginput_container'><input name='input_4' id='input_3_4' type='text' value='' autocomplete='new-password'\/><\/div><div class='gfield_description' id='gfield_description_3_4'>This field is for validation purposes and should be left unchanged.<\/div><\/li><li id=\"field_3_1\" class=\"gfield gfield--type-text hide-label gfield_contains_required field_sublabel_below gfield--no-description field_description_below field_validation_below gfield_visibility_visible gform_text\"  data-field-class=\"gform_text\" ><label class='gfield_label gform-field-label' for='input_3_1'>Name<span class=\"gfield_required\"><span class=\"gfield_required gfield_required_asterisk\">*<\/span><\/span><\/label><div class='ginput_container ginput_container_text'><input name='input_1' id='input_3_1' type='text' value='' class='medium'    placeholder='Name * ' aria-required=\"true\" aria-invalid=\"false\"   \/><\/div><\/li><li id=\"field_3_2\" class=\"gfield gfield--type-text hide-label gfield_contains_required field_sublabel_below gfield--no-description field_description_below field_validation_below gfield_visibility_visible gform_text\"  data-field-class=\"gform_text\" ><label class='gfield_label gform-field-label' for='input_3_2'>Email \/ Phone number <span class=\"gfield_required\"><span class=\"gfield_required gfield_required_asterisk\">*<\/span><\/span><\/label><div class='ginput_container ginput_container_text'><input name='input_2' id='input_3_2' type='text' value='' class='medium'    placeholder='Email \/ Phone number *' aria-required=\"true\" aria-invalid=\"false\"   \/><\/div><\/li><li id=\"field_3_3\" class=\"gfield gfield--type-html gfield_html gfield_html_formatted gfield_no_follows_desc field_sublabel_below gfield--no-description field_description_below field_validation_below gfield_visibility_visible gform_html\"  data-field-class=\"gform_html\" >By sending this form, you confirm that you approve of our <a href=\"http:\/\/wx3.awave.site\/privacy-policy\/?lang=en\">privacy policy<\/a><\/li><\/ul><\/div>\n        <div class='gform-footer gform_footer top_label'> <button type=\"submit\" id=\"gform_submit_button_3\" class=\"gform_button button\" onclick=\"gform.submission.handleButtonClick(this);\" data-submission-type=\"submit\"><span>Contact me<\/span><\/button> <input type='hidden' name='gform_ajax' value='form_id=3&amp;title=1&amp;description=&amp;tabindex=0&amp;theme=legacy&amp;hash=c4aebe20c43ddebb7422847562b3b360' \/>\n            <input type='hidden' class='gform_hidden' name='gform_submission_method' data-js='gform_submission_method_3' value='iframe' \/>\n            <input type='hidden' class='gform_hidden' name='gform_theme' data-js='gform_theme_3' id='gform_theme_3' value='legacy' \/>\n            <input type='hidden' class='gform_hidden' name='gform_style_settings' data-js='gform_style_settings_3' id='gform_style_settings_3' value='' \/>\n            <input type='hidden' class='gform_hidden' name='is_submit_3' value='1' \/>\n            <input type='hidden' class='gform_hidden' name='gform_submit' value='3' \/>\n            \n            <input type='hidden' class='gform_hidden' name='gform_unique_id' value='' \/>\n            <input type='hidden' class='gform_hidden' name='state_3' value='WyJbXSIsImJlYTRkMWE0NWJhNjdjZDQ4M2RiMTJkZjc3YmZjNDU2Il0=' \/>\n            <input type='hidden' autocomplete='off' class='gform_hidden' name='gform_target_page_number_3' id='gform_target_page_number_3' value='0' \/>\n            <input type='hidden' autocomplete='off' class='gform_hidden' name='gform_source_page_number_3' id='gform_source_page_number_3' value='1' \/>\n            <input type='hidden' name='gform_field_values' value='' \/>\n            \n        <\/div>\n                        <\/form>\n                        <\/div>\n\t\t                <iframe style='display:none;width:0px;height:0px;' src='about:blank' name='gform_ajax_frame_3' id='gform_ajax_frame_3' title='This iframe contains the logic required to handle Ajax powered Gravity Forms.'><\/iframe>\n\t\t                <script type=\"text\/javascript\">\n\/* <![CDATA[ *\/\n gform.initializeOnLoaded( function() {gformInitSpinner( 3, 'https:\/\/www.wx3.se\/wp-content\/plugins\/gravityforms\/images\/spinner.svg', true );jQuery('#gform_ajax_frame_3').on('load',function(){var contents = jQuery(this).contents().find('*').html();var is_postback = contents.indexOf('GF_AJAX_POSTBACK') >= 0;if(!is_postback){return;}var form_content = jQuery(this).contents().find('#gform_wrapper_3');var is_confirmation = jQuery(this).contents().find('#gform_confirmation_wrapper_3').length > 0;var is_redirect = contents.indexOf('gformRedirect(){') >= 0;var is_form = form_content.length > 0 && ! is_redirect && ! is_confirmation;var mt = parseInt(jQuery('html').css('margin-top'), 10) + parseInt(jQuery('body').css('margin-top'), 10) + 100;if(is_form){jQuery('#gform_wrapper_3').html(form_content.html());if(form_content.hasClass('gform_validation_error')){jQuery('#gform_wrapper_3').addClass('gform_validation_error');} else {jQuery('#gform_wrapper_3').removeClass('gform_validation_error');}setTimeout( function() { \/* delay the scroll by 50 milliseconds to fix a bug in chrome *\/  }, 50 );if(window['gformInitDatepicker']) {gformInitDatepicker();}if(window['gformInitPriceFields']) {gformInitPriceFields();}var current_page = jQuery('#gform_source_page_number_3').val();gformInitSpinner( 3, 'https:\/\/www.wx3.se\/wp-content\/plugins\/gravityforms\/images\/spinner.svg', true );jQuery(document).trigger('gform_page_loaded', [3, current_page]);window['gf_submitting_3'] = false;}else if(!is_redirect){var confirmation_content = jQuery(this).contents().find('.GF_AJAX_POSTBACK').html();if(!confirmation_content){confirmation_content = contents;}jQuery('#gform_wrapper_3').replaceWith(confirmation_content);jQuery(document).trigger('gform_confirmation_loaded', [3]);window['gf_submitting_3'] = false;wp.a11y.speak(jQuery('#gform_confirmation_message_3').text());}else{jQuery('#gform_3').append(contents);if(window['gformRedirect']) {gformRedirect();}}jQuery(document).trigger(\"gform_pre_post_render\", [{ formId: \"3\", currentPage: \"current_page\", abort: function() { this.preventDefault(); } }]);        if (event && event.defaultPrevented) {                return;        }        const gformWrapperDiv = document.getElementById( \"gform_wrapper_3\" );        if ( gformWrapperDiv ) {            const visibilitySpan = document.createElement( \"span\" );            visibilitySpan.id = \"gform_visibility_test_3\";            gformWrapperDiv.insertAdjacentElement( \"afterend\", visibilitySpan );        }        const visibilityTestDiv = document.getElementById( \"gform_visibility_test_3\" );        let postRenderFired = false;        function triggerPostRender() {            if ( postRenderFired ) {                return;            }            postRenderFired = true;            gform.core.triggerPostRenderEvents( 3, current_page );            if ( visibilityTestDiv ) {                visibilityTestDiv.parentNode.removeChild( visibilityTestDiv );            }        }        function debounce( func, wait, immediate ) {            var timeout;            return function() {                var context = this, args = arguments;                var later = function() {                    timeout = null;                    if ( !immediate ) func.apply( context, args );                };                var callNow = immediate && !timeout;                clearTimeout( timeout );                timeout = setTimeout( later, wait );                if ( callNow ) func.apply( context, args );            };        }        const debouncedTriggerPostRender = debounce( function() {            triggerPostRender();        }, 200 );        if ( visibilityTestDiv && visibilityTestDiv.offsetParent === null ) {            const observer = new MutationObserver( ( mutations ) => {                mutations.forEach( ( mutation ) => {                    if ( mutation.type === 'attributes' && visibilityTestDiv.offsetParent !== null ) {                        debouncedTriggerPostRender();                        observer.disconnect();                    }                });            });            observer.observe( document.body, {                attributes: true,                childList: false,                subtree: true,                attributeFilter: [ 'style', 'class' ],            });        } else {            triggerPostRender();        }    } );} ); \n\/* ]]> *\/\n<\/script>\n\t\t\t\t\t\t<\/div>\n\t\t\t\t\t<\/div>\n\t\t\t\t<\/div>\n\t\t\t<\/div>\n\n\t\t\t<\/section>\n\n<section class=\"block breadcrumbs\">\n\t<div class=\"container-fluid\">\n\t\t<nav class=\"breadcrumbs\"><a href=\"https:\/\/www.wx3.se\/en\/\"><i class=\"icon-home1\"><\/i><\/a> \/ <a href=\"https:\/\/www.wx3.se\/en\/phone-solutions-for-businesses\/\">PHONE SOLUTIONS FOR BUSINESSES<\/a> \/ <span class=\"current\">ADD-ON SERVICES<\/span><\/nav>\t<\/div>\n<\/section>\n\n<div class=\"block container-fluid\"><div class=\"divider\"><\/div><\/div>\n\n\n<section class=\"block columns white\">\n\t<div class=\"container-fluid editor-content\">\n\t\t<header class=\"block-header\"><h1 class=\"h1 columns-header\"><span class=\"\"> <\/span><\/h1><\/header>\n\t\t\n\t\t\n\t\t\t<\/div>\n<\/section>\n\n\n<section class=\"block even-odd\">\n\t<div class=\"container-fluid editor-content\">\n\t\t\n\t\t\t\t\t<p class=\"preamble\">\n\t\t\t\tWe offer add-on services for businesses in all sizes and industries. From smart telecommunication services such as voicemails, call recordings and joint listening to advanced functions such as integrations with Microsoft services or callback functions. \t\t\t<\/p>\n\t\t\n\t\t\t\t\t<section class=\"blocks image_first\">\n\t\t\t\t\t\t\t\t\t\t\t\t\t\t<article>\n\t\t\t\t\t\t<figure class=\"rectangle\">\n\t\t\t\t\t\t\t<img loading=\"lazy\" decoding=\"async\" width=\"540\" height=\"290\" src=\"https:\/\/www.wx3.se\/wp-content\/uploads\/2020\/05\/Patient-trycker-p\u00e5-App-540x290.jpg\" class=\"attachment-rectangle size-rectangle\" alt=\"Carex3\" \/>\t\t\t\t\t\t<\/figure>\n\t\t\t\t\t\t<div class=\"content\">\n\t\t\t\t\t\t\t<div class=\"content-inner editor-content\">\n\t\t\t\t\t\t\t\t<h4><strong>The most popular add-on services for a sharp customer service experience! <\/strong><\/h4>\n<p>Add call queues, voicemails, schedule calling routes and transfers&#8230;<\/p>\n<p>&nbsp;<\/p>\n\t\t\t\t\t\t\t<\/div>\n\t\t\t\t\t\t<\/div>\n\t\t\t\t\t<\/article>\n\t\t\t\t\t\t\t\t\t\t\t\t\t\t<article>\n\t\t\t\t\t\t<figure class=\"rectangle\">\n\t\t\t\t\t\t\t<img loading=\"lazy\" decoding=\"async\" width=\"540\" height=\"290\" src=\"https:\/\/www.wx3.se\/wp-content\/uploads\/2020\/05\/building-540x290.jpg\" class=\"attachment-rectangle size-rectangle\" alt=\"flexible care\" \/>\t\t\t\t\t\t<\/figure>\n\t\t\t\t\t\t<div class=\"content\">\n\t\t\t\t\t\t\t<div class=\"content-inner editor-content\">\n\t\t\t\t\t\t\t\t<h4><strong>Simplify and improve your operations <\/strong><\/h4>\n<p>Record calls and use joint listening, see statistics, integrate calendars, adjust your invoices and more.<\/p>\n<p><a href=\"https:\/\/www.wx3.se\/en\/add-on-services-simplify-and-improve-your-operation\/\"><strong>Read more&#8230;<\/strong><\/a><\/p>\n\t\t\t\t\t\t\t<\/div>\n\t\t\t\t\t\t<\/div>\n\t\t\t\t\t<\/article>\n\t\t\t\t\t\t\t\t\t\t\t\t\t\t<article>\n\t\t\t\t\t\t<figure class=\"rectangle\">\n\t\t\t\t\t\t\t<img loading=\"lazy\" decoding=\"async\" width=\"540\" height=\"290\" src=\"https:\/\/www.wx3.se\/wp-content\/uploads\/2020\/05\/computer-pointing-540x290.jpg\" class=\"attachment-rectangle size-rectangle\" alt=\"\" \/>\t\t\t\t\t\t<\/figure>\n\t\t\t\t\t\t<div class=\"content\">\n\t\t\t\t\t\t\t<div class=\"content-inner editor-content\">\n\t\t\t\t\t\t\t\t<h4><strong>Improve your customer service and availability to your customers <\/strong><\/h4>\n<p>Phone assistance, never miss a call, keep your spot in the queue, callback appointments and more.<\/p>\n<p><a href=\"https:\/\/www.wx3.se\/en\/add-on-services-customer-service-and-availability-to-your-customers\/\">Read more&#8230;<\/a><\/p>\n\t\t\t\t\t\t\t<\/div>\n\t\t\t\t\t\t<\/div>\n\t\t\t\t\t<\/article>\n\t\t\t\t\t\t\t<\/section>\n\t\t\n\t\t\n\t<\/div>\n<\/section>\n\n\n<section class=\"block even-odd\">\n\t<div class=\"container-fluid editor-content\">\n\t\t\n\t\t\n\t\t\t\t\t<section class=\"blocks content_first\">\n\t\t\t\t\t\t\t\t\t\t\t\t\t\t<article>\n\t\t\t\t\t\t<figure class=\"rectangle\">\n\t\t\t\t\t\t\t<img loading=\"lazy\" decoding=\"async\" width=\"540\" height=\"290\" src=\"https:\/\/www.wx3.se\/wp-content\/uploads\/2020\/08\/kontor-540x290.jpeg\" class=\"attachment-rectangle size-rectangle\" alt=\"\" \/>\t\t\t\t\t\t<\/figure>\n\t\t\t\t\t\t<div class=\"content\">\n\t\t\t\t\t\t\t<div class=\"content-inner editor-content\">\n\t\t\t\t\t\t\t\t<h4><strong>Integrate your solution with Microsoft services<\/strong><\/h4>\n<p>Call with Teams or Outlook. Integrate Active Directory for smooth administration. Synchronize calendars and transfer status with MS Exchange.<\/p>\n<p><a href=\"https:\/\/www.wx3.se\/en\/microsoft-integrations\/\">Read more&#8230;<\/a><\/p>\n\t\t\t\t\t\t\t<\/div>\n\t\t\t\t\t\t<\/div>\n\t\t\t\t\t<\/article>\n\t\t\t\t\t\t\t\t\t\t\t\t\t\t<article>\n\t\t\t\t\t\t<figure class=\"rectangle\">\n\t\t\t\t\t\t\t<img loading=\"lazy\" decoding=\"async\" width=\"540\" height=\"290\" src=\"https:\/\/www.wx3.se\/wp-content\/uploads\/2020\/05\/hero-phone-540x290.jpg\" class=\"attachment-rectangle size-rectangle\" alt=\"\" \/>\t\t\t\t\t\t<\/figure>\n\t\t\t\t\t\t<div class=\"content\">\n\t\t\t\t\t\t\t<div class=\"content-inner editor-content\">\n\t\t\t\t\t\t\t\t<h4><strong>Collaboration services for your business<\/strong><\/h4>\n<p>Chats, conference numbers, videos<\/p>\n<p><a href=\"https:\/\/www.wx3.se\/en\/add-on-service-team-collaboration-services\/\"><strong>Read more&#8230;<\/strong><\/a><\/p>\n\t\t\t\t\t\t\t<\/div>\n\t\t\t\t\t\t<\/div>\n\t\t\t\t\t<\/article>\n\t\t\t\t\t\t\t\t\t\t\t\t\t\t<article>\n\t\t\t\t\t\t<figure class=\"rectangle\">\n\t\t\t\t\t\t\t<img loading=\"lazy\" decoding=\"async\" width=\"540\" height=\"290\" src=\"https:\/\/www.wx3.se\/wp-content\/uploads\/2020\/06\/worldmap-540x290.jpg\" class=\"attachment-rectangle size-rectangle\" alt=\"N\u00e4rbild p\u00e5 hand som pekar p\u00e5 en karta.\" \/>\t\t\t\t\t\t<\/figure>\n\t\t\t\t\t\t<div class=\"content\">\n\t\t\t\t\t\t\t<div class=\"content-inner editor-content\">\n\t\t\t\t\t\t\t\t<h4>International numbers<\/h4>\n<p>Wx3 offers a smart solution for foreign representation. International numbers make your business highly accessible in the chosen market as clients and suppliers can reach your call center, support and sales departments on a local phone number.<\/p>\n<p><a href=\"https:\/\/www.wx3.se\/en\/international-numbers\/\">Read more&#8230;<\/a><\/p>\n\t\t\t\t\t\t\t<\/div>\n\t\t\t\t\t\t<\/div>\n\t\t\t\t\t<\/article>\n\t\t\t\t\t\t\t\t\t\t\t\t\t\t<article>\n\t\t\t\t\t\t<figure class=\"rectangle\">\n\t\t\t\t\t\t\t<img loading=\"lazy\" decoding=\"async\" width=\"540\" height=\"290\" src=\"https:\/\/www.wx3.se\/wp-content\/uploads\/2020\/05\/man-desk-540x290.jpg\" class=\"attachment-rectangle size-rectangle\" alt=\"Telephone, headset\" \/>\t\t\t\t\t\t<\/figure>\n\t\t\t\t\t\t<div class=\"content\">\n\t\t\t\t\t\t\t<div class=\"content-inner editor-content\">\n\t\t\t\t\t\t\t\t<h4><strong>Additional add-on services <\/strong><\/h4>\n<p>Trunking external systems, integrations and more.<\/p>\n<p><a href=\"https:\/\/www.wx3.se\/en\/additional-add-on-services\/\">Read more&#8230;<\/a><\/p>\n\t\t\t\t\t\t\t<\/div>\n\t\t\t\t\t\t<\/div>\n\t\t\t\t\t<\/article>\n\t\t\t\t\t\t\t<\/section>\n\t\t\n\t\t\n\t<\/div>\n<\/section>","protected":false},"excerpt":{"rendered":"","protected":false},"author":1,"featured_media":0,"parent":2645,"menu_order":0,"comment_status":"closed","ping_status":"closed","template":"","meta":{"_acf_changed":false,"_seopress_robots_primary_cat":"","_seopress_titles_title":"","_seopress_titles_desc":"","_seopress_robots_index":"","footnotes":""},"class_list":["post-2745","page","type-page","status-publish","hentry"],"acf":[],"_links":{"self":[{"href":"https:\/\/www.wx3.se\/en\/wp-json\/wp\/v2\/pages\/2745","targetHints":{"allow":["GET"]}}],"collection":[{"href":"https:\/\/www.wx3.se\/en\/wp-json\/wp\/v2\/pages"}],"about":[{"href":"https:\/\/www.wx3.se\/en\/wp-json\/wp\/v2\/types\/page"}],"author":[{"embeddable":true,"href":"https:\/\/www.wx3.se\/en\/wp-json\/wp\/v2\/users\/1"}],"replies":[{"embeddable":true,"href":"https:\/\/www.wx3.se\/en\/wp-json\/wp\/v2\/comments?post=2745"}],"version-history":[{"count":8,"href":"https:\/\/www.wx3.se\/en\/wp-json\/wp\/v2\/pages\/2745\/revisions"}],"predecessor-version":[{"id":4152,"href":"https:\/\/www.wx3.se\/en\/wp-json\/wp\/v2\/pages\/2745\/revisions\/4152"}],"up":[{"embeddable":true,"href":"https:\/\/www.wx3.se\/en\/wp-json\/wp\/v2\/pages\/2645"}],"wp:attachment":[{"href":"https:\/\/www.wx3.se\/en\/wp-json\/wp\/v2\/media?parent=2745"}],"curies":[{"name":"wp","href":"https:\/\/api.w.org\/{rel}","templated":true}]}}