{"id":2367,"date":"2020-04-23T16:00:53","date_gmt":"2020-04-23T14:00:53","guid":{"rendered":"https:\/\/www.wx3.se\/hem\/"},"modified":"2024-07-03T12:24:20","modified_gmt":"2024-07-03T10:24:20","slug":"hem","status":"publish","type":"page","link":"https:\/\/www.wx3.se\/en\/","title":{"rendered":"HOME"},"content":{"rendered":"\n<section class=\"block hero three_cols\" >\n\n\t\t\t\t\t<div class=\"container-fluid\">\n\t\t\t\t\t<div class=\"row justify-content-center hero-row\">\n\t\t\t\t\t\t\t\t\t\t\t\t\t\t\t\t\t\t\t\t<div class=\"col-xl-4 editor-content hero-column hero-column-1\" style=\"background-image: url(https:\/\/www.wx3.se\/wp-content\/uploads\/2020\/05\/hero-phone-850x1426.jpg)\">\n\t\t\t\t\t\t\t\t<div class=\"hero-column-inner editor-content\">\n\t\t\t\t\t\t\t\t\t<header class=\"block-header\"><h2 class=\"h3 hero-header\">Business Solutions <\/h2><\/header>\t\t\t\t\t\t\t\t\t\t\t\t\t\t\t\t\t\t\t<p>\n\t\t\t\t\t\t\t\t\t\t\tA complete and user-friendly call center that is independent of carriers. Fast and smart support. \t\t\t\t\t\t\t\t\t\t<\/p>\n\t\t\t\t\t\t\t\t\t\t\t\t\t\t\t\t\t\t\t\t\t\t\t\t\t\t\t\t<p class=\"button-container\"><a href=\"https:\/\/www.wx3.se\/en\/phone-solutions-for-businesses\/\" target=\"\" class=\"btn btn-tertiary\"><span>Business Solutions <\/span><\/a><\/p>\t\t\t\t\t\t\t\t\t\t\t\t\t\t\t\t\t<\/div>\n\t\t\t\t\t\t\t<\/div>\n\t\t\t\t\t\t\t\t\t\t\t\t\t\t\t\t\t\t\t\t\t\t\t\t\t\t\t<div class=\"col-xl-4 editor-content hero-column hero-column-2\" style=\"background-image: url(https:\/\/www.wx3.se\/wp-content\/uploads\/2020\/05\/hero-phone-stetoscope-850x1194.jpg)\">\n\t\t\t\t\t\t\t\t<div class=\"hero-column-inner editor-content\">\n\t\t\t\t\t\t\t\t\t<header class=\"block-header\"><h2 class=\"h3 hero-header\">Online Healthcare<\/h2><\/header>\t\t\t\t\t\t\t\t\t\t\t\t\t\t\t\t\t\t\t<p>\n\t\t\t\t\t\t\t\t\t\t\tOur solution brings you one step into the future as a digital healthcare provider.\t\t\t\t\t\t\t\t\t\t<\/p>\n\t\t\t\t\t\t\t\t\t\t\t\t\t\t\t\t\t\t\t\t\t\t\t\t\t\t\t\t<p class=\"button-container\"><a href=\"https:\/\/www.wx3.se\/en\/digital-healthcare\/\" target=\"\" class=\"btn btn-secondary\"><span>CareX3<\/span><\/a><\/p>\t\t\t\t\t\t\t\t\t\t\t\t\t\t\t\t\t<\/div>\n\t\t\t\t\t\t\t<\/div>\n\t\t\t\t\t\t\t\t\t\t\t\t\t\t\t\t\t\t\t\t\t\t\t\t\t\t\t<div class=\"col-xl-4 editor-content hero-column hero-column-3\" style=\"background-image: url(https:\/\/www.wx3.se\/wp-content\/uploads\/2020\/05\/hero-woman-phone-850x1485.jpg)\">\n\t\t\t\t\t\t\t\t<div class=\"hero-column-inner editor-content\">\n\t\t\t\t\t\t\t\t\t<header class=\"block-header\"><h2 class=\"h3 hero-header\">Carrier Independent<\/h2><\/header>\t\t\t\t\t\t\t\t\t\t\t\t\t\t\t\t\t\t\t<p>\n\t\t\t\t\t\t\t\t\t\t\tWe are one of the few companies on the market that offer a solution that allows you to integrate plans from other carriers into our call center.\t\t\t\t\t\t\t\t\t\t<\/p>\n\t\t\t\t\t\t\t\t\t\t\t\t\t\t\t\t\t\t\t\t\t\t\t\t\t\t\t\t<p class=\"button-container\"><a href=\"https:\/\/www.wx3.se\/en\/phone-solutions-for-businesses\/independent-of-carriers\/\" target=\"\" class=\"btn btn-primary\"><span>Carrier Independent<\/span><\/a><\/p>\t\t\t\t\t\t\t\t\t\t\t\t\t\t\t\t\t<\/div>\n\t\t\t\t\t\t\t<\/div>\n\t\t\t\t\t\t\t\t\t\t\t\t\t\t\t\t\t\t<\/div>\n\t\t\t\t<\/div>\n\n\t\t\t\t<\/section>\n\n\n<section class=\"block columns white\">\n\t<div class=\"container-fluid editor-content\">\n\t\t<header class=\"block-header\"><h1 class=\"h1 columns-header\"><span class=\"uppercase\">LIMITLESS  <\/span><span class=\"thin uppercase\">BUSINESS SOLUTIONS  <\/span><\/h1><\/header>\n\t\t\t\t\t<p class=\"preamble\">\n\t\t\t\tDo you need a call center that is specifically adapted to your business? We specialize in telecommunication. Contact us to find a solution that fits your needs. \t\t\t<\/p>\n\t\t\n\t\t\n\t\t\t\t\t<div class=\"row selling-points\">\n\t\t\t\t\t\t\t\t\t\t\t\t\t\t\t\t\t\t\t\t<div class=\"col-md-4 selling-point-col editor-content\">\n\t\t\t\t\t\t\t\t\t\t\t\t\t\t\t\t\t<figure class=\"selling-point-image\">\n\t\t\t\t\t\t\t\t\t\t<img decoding=\"async\" src=\"https:\/\/www.wx3.se\/wp-content\/uploads\/2020\/05\/prisvarda-losningar.svg\" class=\"attachment-full size-full\" alt=\"\" \/>\t\t\t\t\t\t\t\t\t<\/figure>\n\t\t\t\t\t\t\t\t\t\t\t\t\t\t\t\t\t\t\t\t\t\t\t\t\t<div class=\"text\">\n\t\t\t\t\t\t\t\t\t\t<header class=\"block-header\"><h3 class=\"h4 selling-point-header\">Cost-effective solutions <\/h3><\/header>\t\t\t\t\t\t\t\t\t\t\t\t\t\t\t\t\t\t\t\t\t<p>\n\t\t\t\t\t\t\t\t\t\t\t\tFeel safe knowing that any solution you buy from Wx3 is cost-effective. We believe in transparency, honesty and sustainability for our clients.  \t\t\t\t\t\t\t\t\t\t\t<\/p>\n\t\t\t\t\t\t\t\t\t\t\t\t\t\t\t\t\t\t\t<\/div>\n\t\t\t\t\t\t\t\t\t\t\t\t\t\t\t<\/div>\n\t\t\t\t\t\t\t\t\t\t\t\t\t\t\t\t\t\t\t\t<div class=\"col-md-4 selling-point-col editor-content\">\n\t\t\t\t\t\t\t\t\t\t\t\t\t\t\t\t\t<figure class=\"selling-point-image\">\n\t\t\t\t\t\t\t\t\t\t<img decoding=\"async\" src=\"https:\/\/www.wx3.se\/wp-content\/uploads\/2020\/05\/personlig-support.svg\" class=\"attachment-full size-full\" alt=\"\" \/>\t\t\t\t\t\t\t\t\t<\/figure>\n\t\t\t\t\t\t\t\t\t\t\t\t\t\t\t\t\t\t\t\t\t\t\t\t\t<div class=\"text\">\n\t\t\t\t\t\t\t\t\t\t<header class=\"block-header\"><h3 class=\"h4 selling-point-header\">Individual support   <\/h3><\/header>\t\t\t\t\t\t\t\t\t\t\t\t\t\t\t\t\t\t\t\t\t<p>\n\t\t\t\t\t\t\t\t\t\t\t\tYou will always receive individual help with installation and support. We always follow up to make sure everything is running smoothly.  \t\t\t\t\t\t\t\t\t\t\t<\/p>\n\t\t\t\t\t\t\t\t\t\t\t\t\t\t\t\t\t\t\t<\/div>\n\t\t\t\t\t\t\t\t\t\t\t\t\t\t\t<\/div>\n\t\t\t\t\t\t\t\t\t\t\t\t\t\t\t\t\t\t\t\t<div class=\"col-md-4 selling-point-col editor-content\">\n\t\t\t\t\t\t\t\t\t\t\t\t\t\t\t\t\t<figure class=\"selling-point-image\">\n\t\t\t\t\t\t\t\t\t\t<img decoding=\"async\" src=\"https:\/\/www.wx3.se\/wp-content\/uploads\/2020\/05\/kunnig-innovativ.svg\" class=\"attachment-full size-full\" alt=\"\" \/>\t\t\t\t\t\t\t\t\t<\/figure>\n\t\t\t\t\t\t\t\t\t\t\t\t\t\t\t\t\t\t\t\t\t\t\t\t\t<div class=\"text\">\n\t\t\t\t\t\t\t\t\t\t<header class=\"block-header\"><h3 class=\"h4 selling-point-header\"> Knowledgeable and innovative  <\/h3><\/header>\t\t\t\t\t\t\t\t\t\t\t\t\t\t\t\t\t\t\t\t\t<p>\n\t\t\t\t\t\t\t\t\t\t\t\tOur staff is knowledgeable and have extensive experience in phone solutions. We also always strive to be innovative and find new technological solutions. \t\t\t\t\t\t\t\t\t\t\t<\/p>\n\t\t\t\t\t\t\t\t\t\t\t\t\t\t\t\t\t\t\t<\/div>\n\t\t\t\t\t\t\t\t\t\t\t\t\t\t\t<\/div>\n\t\t\t\t\t\t\t\t\t\t\t<\/div>\n\n\t\t\t\t\t\n\t\t\t\t\t<p class=\"button-container\"><a href=\"https:\/\/www.wx3.se\/en\/about-us\/\" target=\"\" class=\"btn btn-primary\"><span>About WX3 <\/span><\/a><\/p>\t\t\t<\/div>\n<\/section>\n\n\n<section class=\"block image-text\">\n\t<div class=\"row align-items-stretch\">\n\t\t<div class=\"col-md-6 image-col\">\n\t\t\t\t\t\t\t<div class=\"background-image\" style=\"background-image: url(https:\/\/www.wx3.se\/wp-content\/uploads\/2020\/05\/man-computer.jpg);\"><\/div>\n\t\t\t\t<img loading=\"lazy\" decoding=\"async\" width=\"720\" height=\"649\" src=\"https:\/\/www.wx3.se\/wp-content\/uploads\/2020\/05\/man-computer.jpg\" class=\"side-image\" alt=\"callback\" srcset=\"https:\/\/www.wx3.se\/wp-content\/uploads\/2020\/05\/man-computer.jpg 720w, https:\/\/www.wx3.se\/wp-content\/uploads\/2020\/05\/man-computer-300x270.jpg 300w, https:\/\/www.wx3.se\/wp-content\/uploads\/2020\/05\/man-computer-83x75.jpg 83w\" sizes=\"auto, (max-width: 720px) 100vw, 720px\" \/>\t\t\t\t\t<\/div>\n\t\t<div class=\"col-md-6 text-col\">\n\t\t\t<div class=\"text-col-inner editor-content\">\n\t\t\t\t<header class=\"block-header\"><h2 class=\"h2 image-text-header\"><span class=\"\">Partner  <\/span><span class=\"thin \">with WX3  <\/span><\/h2><\/header>\t\t\t\t<h4>We develop services based on needs<\/h4>\n<ul>\n<li>We always offer sales support with both commercial and technical competence.<\/li>\n<li>By developing our own services, we can always adjust them to client needs.<\/li>\n<li>Our administration platform and automated licensing model lets you manage your customers in your own way.<\/li>\n<\/ul>\n\t\t\t\t\t\t\t\t\t<p class=\"button-container\"><a href=\"https:\/\/www.wx3.se\/en\/partner-with-wx3\/\" target=\"\" class=\"\"><span>Read more about partnership with Wx3 <i class=\"icon-arrow-alt-circle-right-secondary\"><\/i><\/span><\/a><\/p>\t\t\t\t\t\t\t<\/div>\n\t\t<\/div>\n\t<\/div>\n<\/section>\n\n\n<section class=\"block latest-news slider\" data-post-types=\"news\" data-number-of-posts=\"10\">\n\t<div class=\"container-fluid\">\n\t\t<header class=\"block-header\"><h1 class=\"h2 latest-news-header\"><span class=\"\">News  <\/span><span class=\"thin \">from Wx3  <\/span><\/h1><\/header>\n\t\t\t<ul class=\"categories\">\n\t\t\t\t<li class=\"active\">\n\t\t\t<a href=\"https:\/\/www.wx3.se\/en\/\">\n\t\t\t\tAlla\t\t\t<\/a>\n\t\t<\/li>\n\t\t\t\t\t\t\t\t\t\t<li class=\"\">\n\t\t\t\t<a href=\"https:\/\/www.wx3.se\/en\/?show_cat=nyheter\">\n\t\t\t\t\tNyheter\t\t\t\t<\/a>\n\t\t\t<\/li>\n\t\t\t\t\t\t\t\t<li class=\"\">\n\t\t\t\t<a href=\"https:\/\/www.wx3.se\/en\/?show_cat=kundcase\">\n\t\t\t\t\tKundcase\t\t\t\t<\/a>\n\t\t\t<\/li>\n\t\t\t<\/ul>\n\n\t<select class=\"categories-select\">\n\t\t\t<option selected value=\"https:\/\/www.wx3.se\/en\/\">\n\t\t\tVisar alla kategorier\t\t<\/option>\n\t\t\t\t\t\t\t\t\t\t<option  value=\"https:\/\/www.wx3.se\/en\/?show_cat=nyheter\">\n\t\t\t\tNyheter\t\t\t<\/option>\n\t\t\t\t\t\t\t\t<option  value=\"https:\/\/www.wx3.se\/en\/?show_cat=kundcase\">\n\t\t\t\tKundcase\t\t\t<\/option>\n\t\t\t<\/select>\n\n\t\t\t\t\t\t\t\t\t<div class=\"glides-container\">\n\t\t\t\t<div class=\"glides news-glides\">\n\t\t\t\t<div data-glide-el=\"controls\" class=\"controls\">\n\t\t\t\t\t<button data-glide-dir=\"&lt;\" class=\"prev\"><i class=\"icon-angle-left\"><\/i><\/button>\n\t\t\t\t\t<button data-glide-dir=\"&gt;\" class=\"next\"><i class=\"icon-angle-right\"><\/i><\/button>\n\t\t\t\t<\/div>\n\n\t\t\t\t<div class=\"glides__track\" data-glide-el=\"track\">\n\t\t\t\t<div class=\"glide__slides\">\n\t\t\t\t\t\t\t\t\t\t\t\t\t\t<article class=\"post glide__slide\">\n\t<figure>\n\t\t<img loading=\"lazy\" decoding=\"async\" width=\"852\" height=\"608\" src=\"https:\/\/www.wx3.se\/wp-content\/uploads\/2020\/05\/computer-pointing-852x608.jpg\" class=\"attachment-news-thumbnail size-news-thumbnail wp-post-image\" alt=\"\" \/>\t<\/figure>\n\t<div class=\"content\">\n\t\t<div class=\"content-inner\">\n\t\t\t<div class=\"meta\">\n\t\t\t\t<span>\n\t\t\t\t\t\t\t\t\t\t\tNews\t\t\t\t\t\t\t\t\t<\/span>\n\t\t\t\t<span>\n\t\t\t\t\t2021-10-21\t\t\t\t<\/span>\n\t\t\t<\/div>\n\t\t\t<h5>\n\t\t\t\t<a href=\"https:\/\/www.wx3.se\/en\/nyhet\/release-of-new-functionality\/\">\n\t\t\t\t\tRelease of new functionality\t\t\t\t<\/a>\n\t\t\t<\/h5>\n\t\t\t<p class=\"excerpt\">\n\t\t\t\tWe are releasing new functionality that will simplify the administration of the exchange for you. We have also worked hard to make it easier to work with the calendar in&#8230;\t\t\t<\/p>\n\t\t<\/div>\n\t<\/div>\n<\/article>\t\t\t\t\t\t\t\t\t\t<\/div>\n\t\t\t\t<\/div>\n\t\t\t\t<\/div>\n\t\t\t\t<\/div>\n\t\t\t\n\t\t\t\t\t\t\t\n\t\t\t\t\t<p class=\"button-container\"><a href=\"https:\/\/www.wx3.se\/aktuellt\/\" target=\"\" class=\"btn btn-primary\"><span>Show more <\/span><\/a><\/p>\t\t\t\t\n\t<\/div>\n<\/section>\n\n<div class=\"block container-fluid\"><div class=\"divider\"><\/div><\/div>\n\n\n<section class=\"block form\" >\n\t<div class=\"container-fluid editor-content\">\n\t\t<header class=\"block-header\"><h2 class=\"h2 form-header\"><span class=\"\"><img loading=\"lazy\" decoding=\"async\" width=\"25\" height=\"24\" src=\"https:\/\/www.wx3.se\/wp-content\/uploads\/2020\/05\/phone.png\" class=\"attachment-full size-full\" alt=\"\" \/> Boka en kostnadsfri r\u00e5dgivning <\/span><\/h2><\/header>\t\t\n\t\t\t\t\t<p class=\"preamble\">\n\t\t\t\tVi g\u00f6r personliga m\u00f6ten tillsammans med v\u00e5ra \u00e5terf\u00f6rs\u00e4ljare och partners f\u00f6r att ta fram varje kunds specifika behov. Skriv in dina uppgifter, s\u00e5 kontaktar vi dig och bokar in ett m\u00f6te f\u00f6r kostnadsfri r\u00e5dgivning.\t\t\t<\/p>\n\t\t\n\t\t<script type=\"text\/javascript\">\n\/* <![CDATA[ *\/\nvar gform;gform||(document.addEventListener(\"gform_main_scripts_loaded\",function(){gform.scriptsLoaded=!0}),document.addEventListener(\"gform\/theme\/scripts_loaded\",function(){gform.themeScriptsLoaded=!0}),window.addEventListener(\"DOMContentLoaded\",function(){gform.domLoaded=!0}),gform={domLoaded:!1,scriptsLoaded:!1,themeScriptsLoaded:!1,isFormEditor:()=>\"function\"==typeof InitializeEditor,callIfLoaded:function(o){return!(!gform.domLoaded||!gform.scriptsLoaded||!gform.themeScriptsLoaded&&!gform.isFormEditor()||(gform.isFormEditor()&&console.warn(\"The use of gform.initializeOnLoaded() is deprecated in the form editor context and will be removed in Gravity Forms 3.1.\"),o(),0))},initializeOnLoaded:function(o){gform.callIfLoaded(o)||(document.addEventListener(\"gform_main_scripts_loaded\",()=>{gform.scriptsLoaded=!0,gform.callIfLoaded(o)}),document.addEventListener(\"gform\/theme\/scripts_loaded\",()=>{gform.themeScriptsLoaded=!0,gform.callIfLoaded(o)}),window.addEventListener(\"DOMContentLoaded\",()=>{gform.domLoaded=!0,gform.callIfLoaded(o)}))},hooks:{action:{},filter:{}},addAction:function(o,r,e,t){gform.addHook(\"action\",o,r,e,t)},addFilter:function(o,r,e,t){gform.addHook(\"filter\",o,r,e,t)},doAction:function(o){gform.doHook(\"action\",o,arguments)},applyFilters:function(o){return gform.doHook(\"filter\",o,arguments)},removeAction:function(o,r){gform.removeHook(\"action\",o,r)},removeFilter:function(o,r,e){gform.removeHook(\"filter\",o,r,e)},addHook:function(o,r,e,t,n){null==gform.hooks[o][r]&&(gform.hooks[o][r]=[]);var d=gform.hooks[o][r];null==n&&(n=r+\"_\"+d.length),gform.hooks[o][r].push({tag:n,callable:e,priority:t=null==t?10:t})},doHook:function(r,o,e){var t;if(e=Array.prototype.slice.call(e,1),null!=gform.hooks[r][o]&&((o=gform.hooks[r][o]).sort(function(o,r){return o.priority-r.priority}),o.forEach(function(o){\"function\"!=typeof(t=o.callable)&&(t=window[t]),\"action\"==r?t.apply(null,e):e[0]=t.apply(null,e)})),\"filter\"==r)return e[0]},removeHook:function(o,r,t,n){var e;null!=gform.hooks[o][r]&&(e=(e=gform.hooks[o][r]).filter(function(o,r,e){return!!(null!=n&&n!=o.tag||null!=t&&t!=o.priority)}),gform.hooks[o][r]=e)}});\n\/* ]]> *\/\n<\/script>\n\n                <div class='gf_browser_gecko gform_wrapper gform_legacy_markup_wrapper gform-theme--no-framework' data-form-theme='legacy' data-form-index='0' id='gform_wrapper_2' ><form method='post' enctype='multipart\/form-data' target='gform_ajax_frame_2' id='gform_2'  action='\/en\/wp-json\/wp\/v2\/pages\/2367' data-formid='2' novalidate>\n                        <div class='gform-body gform_body'><ul id='gform_fields_2' class='gform_fields top_label form_sublabel_below description_below validation_below'><li id=\"field_2_12\" class=\"gfield gfield--type-honeypot gform_validation_container field_sublabel_below gfield--has-description field_description_below field_validation_below gfield_visibility_visible gform_honeypot\"  data-field-class=\"gform_honeypot\" ><label class='gfield_label gform-field-label' for='input_2_12'>Phone<\/label><div class='ginput_container'><input name='input_12' id='input_2_12' type='text' value='' autocomplete='new-password'\/><\/div><div class='gfield_description' id='gfield_description_2_12'>This field is for validation purposes and should be left unchanged.<\/div><\/li><li id=\"field_2_9\" class=\"gfield gfield--type-text gfield--width-full gfield_contains_required field_sublabel_below gfield--no-description field_description_below field_validation_below gfield_visibility_visible gform_text\"  data-field-class=\"gform_text\" ><label class='gfield_label gform-field-label' for='input_2_9'>Namn<span class=\"gfield_required\"><span class=\"gfield_required gfield_required_asterisk\">*<\/span><\/span><\/label><div class='ginput_container ginput_container_text'><input name='input_9' id='input_2_9' type='text' value='' class='medium'    placeholder='F\u00f6r- och efternamn' aria-required=\"true\" aria-invalid=\"false\"   \/><\/div><\/li><li id=\"field_2_7\" class=\"gfield gfield--type-email gfield--width-full gfield_contains_required field_sublabel_below gfield--no-description field_description_below field_validation_below gfield_visibility_visible gform_email\"  data-field-class=\"gform_email\" ><label class='gfield_label gform-field-label' for='input_2_7'>E-post<span class=\"gfield_required\"><span class=\"gfield_required gfield_required_asterisk\">*<\/span><\/span><\/label><div class='ginput_container ginput_container_email'>\n                            <input name='input_7' id='input_2_7' type='email' value='' class='medium'   placeholder='E-post' aria-required=\"true\" aria-invalid=\"false\"  \/>\n                        <\/div><\/li><li id=\"field_2_8\" class=\"gfield gfield--type-phone gfield--width-full gfield_contains_required field_sublabel_below gfield--no-description field_description_below field_validation_below gfield_visibility_visible gform_phone\"  data-field-class=\"gform_phone\" ><label class='gfield_label gform-field-label' for='input_2_8'>Telefonnummer<span class=\"gfield_required\"><span class=\"gfield_required gfield_required_asterisk\">*<\/span><\/span><\/label><div class='ginput_container ginput_container_phone'><input name='input_8' id='input_2_8' type='tel' value='' class='medium'  placeholder='Telefonnummer' aria-required=\"true\" aria-invalid=\"false\"   \/><\/div><\/li><li id=\"field_2_11\" class=\"gfield gfield--type-text gfield--width-full gfield_contains_required field_sublabel_below gfield--no-description field_description_below field_validation_below gfield_visibility_visible gform_text\"  data-field-class=\"gform_text\" ><label class='gfield_label gform-field-label' for='input_2_11'>F\u00f6retagsnamn<span class=\"gfield_required\"><span class=\"gfield_required gfield_required_asterisk\">*<\/span><\/span><\/label><div class='ginput_container ginput_container_text'><input name='input_11' id='input_2_11' type='text' value='' class='large'    placeholder='F\u00f6retagsnamn' aria-required=\"true\" aria-invalid=\"false\"   \/><\/div><\/li><li id=\"field_2_3\" class=\"gfield gfield--type-html center top-margin gfield_html gfield_html_formatted gfield_no_follows_desc field_sublabel_below gfield--no-description field_description_below field_validation_below gfield_visibility_visible gform_html\"  data-field-class=\"gform_html\" >By sending this form, you confirm that you approve of our <a href=\"http:\/\/wx3.awave.site\/privacy-policy\/?lang=en\">privacy policy<\/a><\/li><\/ul><\/div>\n        <div class='gform-footer gform_footer top_label'> <button type=\"submit\" id=\"gform_submit_button_2\" class=\"gform_button button\" onclick=\"gform.submission.handleButtonClick(this);\" data-submission-type=\"submit\"><span>Contact me<\/span><\/button> <input type='hidden' name='gform_ajax' value='form_id=2&amp;title=&amp;description=&amp;tabindex=0&amp;theme=legacy&amp;hash=6c09ebdced3752ff474e6357c5e1671d' \/>\n            <input type='hidden' class='gform_hidden' name='gform_submission_method' data-js='gform_submission_method_2' value='iframe' \/>\n            <input type='hidden' class='gform_hidden' name='gform_theme' data-js='gform_theme_2' id='gform_theme_2' value='legacy' \/>\n            <input type='hidden' class='gform_hidden' name='gform_style_settings' data-js='gform_style_settings_2' id='gform_style_settings_2' value='' \/>\n            <input type='hidden' class='gform_hidden' name='is_submit_2' value='1' \/>\n            <input type='hidden' class='gform_hidden' name='gform_submit' value='2' \/>\n            \n            <input type='hidden' class='gform_hidden' name='gform_unique_id' value='' \/>\n            <input type='hidden' class='gform_hidden' name='state_2' value='WyJbXSIsImJlYTRkMWE0NWJhNjdjZDQ4M2RiMTJkZjc3YmZjNDU2Il0=' \/>\n            <input type='hidden' autocomplete='off' class='gform_hidden' name='gform_target_page_number_2' id='gform_target_page_number_2' value='0' \/>\n            <input type='hidden' autocomplete='off' class='gform_hidden' name='gform_source_page_number_2' id='gform_source_page_number_2' value='1' \/>\n            <input type='hidden' name='gform_field_values' value='' \/>\n            \n        <\/div>\n                        <\/form>\n                        <\/div>\n\t\t                <iframe style='display:none;width:0px;height:0px;' src='about:blank' name='gform_ajax_frame_2' id='gform_ajax_frame_2' title='This iframe contains the logic required to handle Ajax powered Gravity Forms.'><\/iframe>\n\t\t                <script type=\"text\/javascript\">\n\/* <![CDATA[ *\/\n gform.initializeOnLoaded( function() {gformInitSpinner( 2, 'https:\/\/www.wx3.se\/wp-content\/plugins\/gravityforms\/images\/spinner.svg', true );jQuery('#gform_ajax_frame_2').on('load',function(){var contents = jQuery(this).contents().find('*').html();var is_postback = contents.indexOf('GF_AJAX_POSTBACK') >= 0;if(!is_postback){return;}var form_content = jQuery(this).contents().find('#gform_wrapper_2');var is_confirmation = jQuery(this).contents().find('#gform_confirmation_wrapper_2').length > 0;var is_redirect = contents.indexOf('gformRedirect(){') >= 0;var is_form = form_content.length > 0 && ! is_redirect && ! is_confirmation;var mt = parseInt(jQuery('html').css('margin-top'), 10) + parseInt(jQuery('body').css('margin-top'), 10) + 100;if(is_form){jQuery('#gform_wrapper_2').html(form_content.html());if(form_content.hasClass('gform_validation_error')){jQuery('#gform_wrapper_2').addClass('gform_validation_error');} else {jQuery('#gform_wrapper_2').removeClass('gform_validation_error');}setTimeout( function() { \/* delay the scroll by 50 milliseconds to fix a bug in chrome *\/  }, 50 );if(window['gformInitDatepicker']) {gformInitDatepicker();}if(window['gformInitPriceFields']) {gformInitPriceFields();}var current_page = jQuery('#gform_source_page_number_2').val();gformInitSpinner( 2, 'https:\/\/www.wx3.se\/wp-content\/plugins\/gravityforms\/images\/spinner.svg', true );jQuery(document).trigger('gform_page_loaded', [2, current_page]);window['gf_submitting_2'] = false;}else if(!is_redirect){var confirmation_content = jQuery(this).contents().find('.GF_AJAX_POSTBACK').html();if(!confirmation_content){confirmation_content = contents;}jQuery('#gform_wrapper_2').replaceWith(confirmation_content);jQuery(document).trigger('gform_confirmation_loaded', [2]);window['gf_submitting_2'] = false;wp.a11y.speak(jQuery('#gform_confirmation_message_2').text());}else{jQuery('#gform_2').append(contents);if(window['gformRedirect']) {gformRedirect();}}jQuery(document).trigger(\"gform_pre_post_render\", [{ formId: \"2\", currentPage: \"current_page\", abort: function() { this.preventDefault(); } }]);        if (event && event.defaultPrevented) {                return;        }        const gformWrapperDiv = document.getElementById( \"gform_wrapper_2\" );        if ( gformWrapperDiv ) {            const visibilitySpan = document.createElement( \"span\" );            visibilitySpan.id = \"gform_visibility_test_2\";            gformWrapperDiv.insertAdjacentElement( \"afterend\", visibilitySpan );        }        const visibilityTestDiv = document.getElementById( \"gform_visibility_test_2\" );        let postRenderFired = false;        function triggerPostRender() {            if ( postRenderFired ) {                return;            }            postRenderFired = true;            gform.core.triggerPostRenderEvents( 2, current_page );            if ( visibilityTestDiv ) {                visibilityTestDiv.parentNode.removeChild( visibilityTestDiv );            }        }        function debounce( func, wait, immediate ) {            var timeout;            return function() {                var context = this, args = arguments;                var later = function() {                    timeout = null;                    if ( !immediate ) func.apply( context, args );                };                var callNow = immediate && !timeout;                clearTimeout( timeout );                timeout = setTimeout( later, wait );                if ( callNow ) func.apply( context, args );            };        }        const debouncedTriggerPostRender = debounce( function() {            triggerPostRender();        }, 200 );        if ( visibilityTestDiv && visibilityTestDiv.offsetParent === null ) {            const observer = new MutationObserver( ( mutations ) => {                mutations.forEach( ( mutation ) => {                    if ( mutation.type === 'attributes' && visibilityTestDiv.offsetParent !== null ) {                        debouncedTriggerPostRender();                        observer.disconnect();                    }                });            });            observer.observe( document.body, {                attributes: true,                childList: false,                subtree: true,                attributeFilter: [ 'style', 'class' ],            });        } else {            triggerPostRender();        }    } );} ); \n\/* ]]> *\/\n<\/script>\n\n\t<\/div>\n<\/section>","protected":false},"excerpt":{"rendered":"","protected":false},"author":1,"featured_media":0,"parent":0,"menu_order":-2,"comment_status":"closed","ping_status":"closed","template":"","meta":{"_acf_changed":false,"_seopress_robots_primary_cat":"","_seopress_titles_title":"Custom Call Center Solutions for Your Business | Wx3 Telecom","_seopress_titles_desc":"Wx3 offers customized call center solutions with cost-effective pricing and top-notch support. Our team ensures seamless innovative telecom services.","_seopress_robots_index":"","footnotes":""},"class_list":["post-2367","page","type-page","status-publish","hentry"],"acf":[],"_links":{"self":[{"href":"https:\/\/www.wx3.se\/en\/wp-json\/wp\/v2\/pages\/2367","targetHints":{"allow":["GET"]}}],"collection":[{"href":"https:\/\/www.wx3.se\/en\/wp-json\/wp\/v2\/pages"}],"about":[{"href":"https:\/\/www.wx3.se\/en\/wp-json\/wp\/v2\/types\/page"}],"author":[{"embeddable":true,"href":"https:\/\/www.wx3.se\/en\/wp-json\/wp\/v2\/users\/1"}],"replies":[{"embeddable":true,"href":"https:\/\/www.wx3.se\/en\/wp-json\/wp\/v2\/comments?post=2367"}],"version-history":[{"count":34,"href":"https:\/\/www.wx3.se\/en\/wp-json\/wp\/v2\/pages\/2367\/revisions"}],"predecessor-version":[{"id":4154,"href":"https:\/\/www.wx3.se\/en\/wp-json\/wp\/v2\/pages\/2367\/revisions\/4154"}],"wp:attachment":[{"href":"https:\/\/www.wx3.se\/en\/wp-json\/wp\/v2\/media?parent=2367"}],"curies":[{"name":"wp","href":"https:\/\/api.w.org\/{rel}","templated":true}]}}